{"id":7,"date":"2024-11-27T20:09:28","date_gmt":"2024-11-27T20:09:28","guid":{"rendered":"https:\/\/juliavargas.org\/?page_id=7"},"modified":"2024-12-04T20:02:08","modified_gmt":"2024-12-04T20:02:08","slug":"quienes-somos","status":"publish","type":"page","link":"https:\/\/juliavargas.org\/?page_id=7","title":{"rendered":"Qui\u00e9nes somos"},"content":{"rendered":"\n<div class=\"wp-block-group alignfull is-style-default\" style=\"margin-top:0;margin-bottom:0;padding-top:var(--wp--preset--spacing--60);padding-bottom:var(--wp--preset--spacing--60)\"><div class=\"wp-block-group__inner-container is-layout-constrained wp-block-group-is-layout-constrained\">\n<div class=\"wp-block-columns alignwide is-layout-flex wp-container-core-columns-is-layout-52fe8137 wp-block-columns-is-layout-flex\">\n<div class=\"wp-block-column is-layout-flow wp-block-column-is-layout-flow\" style=\"flex-basis:40%\">\n<figure class=\"wp-block-image size-full\"><img loading=\"lazy\" decoding=\"async\" width=\"441\" height=\"613\" src=\"https:\/\/juliavargas.org\/wp-content\/uploads\/2024\/11\/Julia-Vargas-laboratorio.png\" alt=\"\" class=\"wp-image-10\" srcset=\"https:\/\/juliavargas.org\/wp-content\/uploads\/2024\/11\/Julia-Vargas-laboratorio.png 441w, https:\/\/juliavargas.org\/wp-content\/uploads\/2024\/11\/Julia-Vargas-laboratorio-216x300.png 216w\" sizes=\"(max-width: 441px) 100vw, 441px\" \/><\/figure>\n<\/div>\n\n\n\n<div class=\"wp-block-column is-vertically-aligned-center is-layout-flow wp-block-column-is-layout-flow\" style=\"flex-basis:60%\">\n<h2 class=\"wp-block-heading has-xx-large-font-size\">Organizaci\u00f3n Cultural Julia Vargas<\/h2>\n\n\n\n<p class=\"is-style-default\">El medio art\u00edstico boliviano tiene y ha tenido siempre una cantidad de vac\u00edos sin llenar, principalmente en cuestiones de financiaci\u00f3n, preservaci\u00f3n, difusi\u00f3n y formaci\u00f3n. Si bien existen instituciones estatales y privadas encargadas de estas importantes tareas, estas son muy pocas y no alcanzan a cubrir todo el espectro de artistas en el territorio nacional; resultando en que una buena parte del arte contempor\u00e1neo nacional permanezca en la sombra, guardada en los cajones y sue\u00f1os de los artistas o sus familias. Es a partir de ello que se cre\u00f3 esta Organizaci\u00f3n Cultural, velando por<br>contribuir a la atenci\u00f3n de estas urgentes problem\u00e1ticas, desde distintas acciones.<br>Para esta magna tarea, la Organizaci\u00f3n Cultural Julia Vargas se propone tres principales vertientes de trabajo.<\/p>\n<\/div>\n<\/div>\n<\/div><\/div>\n\n\n\n<div class=\"wp-block-group alignfull is-style-section-5\" style=\"margin-top:0;margin-bottom:0;padding-top:var(--wp--preset--spacing--50);padding-bottom:var(--wp--preset--spacing--50)\"><div class=\"wp-block-group__inner-container is-layout-constrained wp-block-group-is-layout-constrained\">\n<div class=\"wp-block-columns alignwide is-layout-flex wp-container-core-columns-is-layout-a2d7b65f wp-block-columns-is-layout-flex\">\n<div class=\"wp-block-column is-vertically-aligned-center is-layout-flow wp-block-column-is-layout-flow\" style=\"flex-basis:50%\">\n<h2 class=\"wp-block-heading\">El Archivo<\/h2>\n\n\n\n<p class=\"has-medium-font-size\">La primera vertiente de trabajo refiere a la preservaci\u00f3n y difusi\u00f3n del legado de la fot\u00f3grafa, directora de cine guionista y educadora boliviana Julia Vargas, quien dej\u00f3 al mundo un importante registro fotogr\u00e1fico hist\u00f3rico en im\u00e1genes de paisajes y rostros bolivianos, una colecci\u00f3n de retratos, varias colecciones de estilo experimental, una decena de cortos, 3 largometrajes y un sin n\u00famero de registros en video y proyectos in\u00e9ditos o inconclusos, que son dignos de ser compartidos. Este legado nos permite adentrarnos en la mirada de una de las grandes artistas contempor\u00e1neas de nuestro pa\u00eds abriendo la posibilidad de mirarlo a trav\u00e9s de sus ojos, constituy\u00e9ndose en una pieza clave para la historia de la fotograf\u00eda y el audiovisual en Bolivia. Es entonces relevante para la comunidad art\u00edstica y la poblaci\u00f3n en general poder acceder a este legado que ella ha dejado a lo largo de una vida de inagotable labor. Es adem\u00e1s ella la pieza fundamental para la existencia de esta Organizaci\u00f3n Cultural.<br><\/p>\n<\/div>\n\n\n\n<div class=\"wp-block-column is-vertically-aligned-center is-layout-flow wp-block-column-is-layout-flow\" style=\"flex-basis:50%\">\n<figure class=\"wp-block-image size-full\"><img loading=\"lazy\" decoding=\"async\" width=\"889\" height=\"1600\" src=\"https:\/\/juliavargas.org\/wp-content\/uploads\/2024\/11\/Archivo-1.jpeg\" alt=\"\" class=\"wp-image-14\" style=\"aspect-ratio:1;object-fit:cover\" srcset=\"https:\/\/juliavargas.org\/wp-content\/uploads\/2024\/11\/Archivo-1.jpeg 889w, https:\/\/juliavargas.org\/wp-content\/uploads\/2024\/11\/Archivo-1-167x300.jpeg 167w, https:\/\/juliavargas.org\/wp-content\/uploads\/2024\/11\/Archivo-1-569x1024.jpeg 569w, https:\/\/juliavargas.org\/wp-content\/uploads\/2024\/11\/Archivo-1-768x1382.jpeg 768w, https:\/\/juliavargas.org\/wp-content\/uploads\/2024\/11\/Archivo-1-853x1536.jpeg 853w\" sizes=\"(max-width: 889px) 100vw, 889px\" \/><\/figure>\n<\/div>\n<\/div>\n<\/div><\/div>\n\n\n\n<div class=\"wp-block-group alignfull is-style-default has-accent-6-background-color has-background\" style=\"margin-top:0;margin-bottom:0;padding-top:var(--wp--preset--spacing--50);padding-bottom:var(--wp--preset--spacing--50)\"><div class=\"wp-block-group__inner-container is-layout-constrained wp-block-group-is-layout-constrained\">\n<div class=\"wp-block-columns alignwide is-layout-flex wp-container-core-columns-is-layout-a2d7b65f wp-block-columns-is-layout-flex\">\n<div class=\"wp-block-column is-vertically-aligned-center is-layout-flow wp-block-column-is-layout-flow\" style=\"flex-basis:50%\">\n<h2 class=\"wp-block-heading\">Proyectos formativos<\/h2>\n\n\n\n<p class=\"has-contrast-color has-text-color has-link-color has-medium-font-size wp-elements-1915eab2ff68bc8881dde392c7ca3321\">La segunda vertiente de trabajo de esta Organizaci\u00f3n Cultural refiere a la generaci\u00f3n de espacios para la difusi\u00f3n, creaci\u00f3n y formaci\u00f3n en arte, para que m\u00e1s artistas tengan oportunidades de compartir con la sociedad lo que hacen y as\u00ed tambi\u00e9n puedan acceder a formaci\u00f3n art\u00edstica de calidad al ir al encuentro con otras personas dedicadas a esta labor.<\/p>\n<\/div>\n\n\n\n<div class=\"wp-block-column is-vertically-aligned-center is-layout-flow wp-block-column-is-layout-flow\" style=\"flex-basis:50%\">\n<figure class=\"wp-block-image size-full\"><img loading=\"lazy\" decoding=\"async\" width=\"758\" height=\"590\" src=\"https:\/\/juliavargas.org\/wp-content\/uploads\/2024\/11\/talleres-julia-AVE.png\" alt=\"\" class=\"wp-image-12\" style=\"aspect-ratio:1;object-fit:cover\" srcset=\"https:\/\/juliavargas.org\/wp-content\/uploads\/2024\/11\/talleres-julia-AVE.png 758w, https:\/\/juliavargas.org\/wp-content\/uploads\/2024\/11\/talleres-julia-AVE-300x234.png 300w\" sizes=\"(max-width: 758px) 100vw, 758px\" \/><\/figure>\n<\/div>\n<\/div>\n<\/div><\/div>\n\n\n\n<div class=\"wp-block-group alignfull is-style-section-5 has-accent-4-background-color has-background\" style=\"margin-top:0;margin-bottom:0;padding-top:var(--wp--preset--spacing--50);padding-bottom:var(--wp--preset--spacing--50)\"><div class=\"wp-block-group__inner-container is-layout-constrained wp-block-group-is-layout-constrained\">\n<div class=\"wp-block-columns alignwide is-layout-flex wp-container-core-columns-is-layout-a2d7b65f wp-block-columns-is-layout-flex\">\n<div class=\"wp-block-column is-vertically-aligned-center is-layout-flow wp-block-column-is-layout-flow\" style=\"flex-basis:50%\">\n<h2 class=\"wp-block-heading\">Arte transformador<\/h2>\n\n\n\n<p class=\"has-medium-font-size\">La tercera vertiente de trabajo de la Organizaci\u00f3n Cultural Julia Vargas es promover el arte desde una mirada transformadora de la sociedad, generando m\u00faltiples espacios para la creaci\u00f3n, la investigaci\u00f3n y la educaci\u00f3n, tarea que busca dar continuidad a lo que Julia Vargas hizo a lo largo de su vida. De este modo, con una constante mirada cr\u00edtica y la preocupaci\u00f3n por temas sociales, se genera el inter\u00e9s por continuar realizando trabajos art\u00edsticos que muestren y demanden las desigualdades, para de este modo poder tener impacto en la sociedad a nivel local y global.<\/p>\n<\/div>\n\n\n\n<div class=\"wp-block-column is-vertically-aligned-center is-layout-flow wp-block-column-is-layout-flow\" style=\"flex-basis:50%\">\n<figure class=\"wp-block-image size-full\"><img loading=\"lazy\" decoding=\"async\" width=\"637\" height=\"613\" src=\"https:\/\/juliavargas.org\/wp-content\/uploads\/2024\/11\/julia-rodaje-a-los-pies-del-tatala.png\" alt=\"\" class=\"wp-image-13\" style=\"aspect-ratio:1;object-fit:cover\" srcset=\"https:\/\/juliavargas.org\/wp-content\/uploads\/2024\/11\/julia-rodaje-a-los-pies-del-tatala.png 637w, https:\/\/juliavargas.org\/wp-content\/uploads\/2024\/11\/julia-rodaje-a-los-pies-del-tatala-300x289.png 300w\" sizes=\"(max-width: 637px) 100vw, 637px\" \/><\/figure>\n<\/div>\n<\/div>\n<\/div><\/div>\n\n\n\n<div class=\"wp-block-columns is-layout-flex wp-container-core-columns-is-layout-9d6595d7 wp-block-columns-is-layout-flex\">\n<div class=\"wp-block-column is-style-default is-layout-flow wp-block-column-is-layout-flow\">\n<p class=\"has-text-align-center\" style=\"font-size:30px\"><strong>Misi\u00f3n <\/strong><\/p>\n\n\n\n<p class=\"is-style-text-annotation has-medium-font-size\">Divulgar y generar acceso a la obra fotogr\u00e1fica y audiovisual de Julia Vargas mediante la preservaci\u00f3n del archivo, creaci\u00f3n art\u00edstica, procesos de formaci\u00f3n, an\u00e1lisis, re interpretaci\u00f3n y difusi\u00f3n de expresiones art\u00edsticas, que impulsen el crecimiento del arte y la cultura en Bolivia, desde los postulados de la diversidad, el dialogo, la innovaci\u00f3n, reciprocidad, creatividad y equidad.<\/p>\n<\/div>\n\n\n\n<div class=\"wp-block-column is-layout-flow wp-block-column-is-layout-flow\">\n<p class=\"has-text-align-center\" style=\"font-size:30px\"><strong>Visi\u00f3n<\/strong><\/p>\n\n\n\n<p class=\"is-style-text-annotation has-medium-font-size\">Es visi\u00f3n de la Organizaci\u00f3n Cultural Julia Vargas ser un referente art\u00edstico y cultural, incentivando la creatividad, la investigaci\u00f3n, el estudio y la innovaci\u00f3n, junto a la preservaci\u00f3n del patrimonio y la memoria, promoviendo la solidaridad y el di\u00e1logo entre artistas y su entorno, contribuyendo as\u00ed en la construcci\u00f3n de ciudadan\u00eda transformadora, cr\u00edtica y proactiva.<br>.<\/p>\n\n\n\n<p><\/p>\n<\/div>\n<\/div>\n\n\n\n<aside class=\"wp-block-group alignfull is-style-section-3 has-base-background-color has-background\" style=\"margin-top:0;margin-bottom:0;padding-top:var(--wp--preset--spacing--50);padding-right:var(--wp--preset--spacing--50);padding-bottom:var(--wp--preset--spacing--50);padding-left:var(--wp--preset--spacing--50)\"><div class=\"wp-block-group__inner-container is-layout-constrained wp-container-core-group-is-layout-f69f53e0 wp-block-group-is-layout-constrained\">\n<div class=\"wp-block-group is-vertical is-content-justification-center is-layout-flex wp-container-core-group-is-layout-2e2aa035 wp-block-group-is-layout-flex\" style=\"min-height:360px;margin-top:0;margin-bottom:0\">\n<h2 class=\"wp-block-heading has-text-align-center has-xx-large-font-size\">Nuestros valores<\/h2>\n\n\n\n<p class=\"has-text-align-center is-style-default\">La Organizaci\u00f3n Cultural Julia Vargas gu\u00eda sus acciones a partir de seis valores elementales:<strong> Diversidad, Reciprocidad, Equidad, Di\u00e1logo, Creatividad e Innovaci\u00f3n<\/strong>. Estos son tomados en cuenta desde su complejidad, multidimensionalidad e interrelaci\u00f3n entre ellos; orientando todas las pr\u00e1cticas llevadas a cabo por la Organizaci\u00f3n, sus colaboradores y los\/as artistas que se involucren en nuestros proyectos.<\/p>\n\n\n\n<div style=\"height:0px\" aria-hidden=\"true\" class=\"wp-block-spacer wp-container-content-62aae154\"><\/div>\n<\/div>\n\n\n\n<div class=\"wp-block-columns is-layout-flex wp-container-core-columns-is-layout-9d6595d7 wp-block-columns-is-layout-flex\">\n<div class=\"wp-block-column is-layout-flow wp-block-column-is-layout-flow\"><\/div>\n\n\n\n<div class=\"wp-block-column is-layout-flow wp-block-column-is-layout-flow\"><\/div>\n<\/div>\n<\/div><\/aside>\n\n\n\n<p><\/p>\n","protected":false},"excerpt":{"rendered":"<p>Organizaci\u00f3n Cultural Julia Vargas El medio art\u00edstico boliviano tiene y ha tenido siempre una cantidad de vac\u00edos sin llenar, principalmente en cuestiones de financiaci\u00f3n, preservaci\u00f3n, difusi\u00f3n y formaci\u00f3n. Si bien existen instituciones estatales y privadas encargadas de estas importantes tareas, estas son muy pocas y no alcanzan a cubrir todo el espectro de artistas en [&hellip;]<\/p>\n","protected":false},"author":1,"featured_media":0,"parent":0,"menu_order":0,"comment_status":"closed","ping_status":"closed","template":"","meta":{"saved_in_kubio":true,"footnotes":""},"class_list":["post-7","page","type-page","status-publish","hentry"],"kubio_ai_page_context":{"short_desc":"","purpose":"general"},"_links":{"self":[{"href":"https:\/\/juliavargas.org\/index.php?rest_route=\/wp\/v2\/pages\/7","targetHints":{"allow":["GET"]}}],"collection":[{"href":"https:\/\/juliavargas.org\/index.php?rest_route=\/wp\/v2\/pages"}],"about":[{"href":"https:\/\/juliavargas.org\/index.php?rest_route=\/wp\/v2\/types\/page"}],"author":[{"embeddable":true,"href":"https:\/\/juliavargas.org\/index.php?rest_route=\/wp\/v2\/users\/1"}],"replies":[{"embeddable":true,"href":"https:\/\/juliavargas.org\/index.php?rest_route=%2Fwp%2Fv2%2Fcomments&post=7"}],"version-history":[{"count":8,"href":"https:\/\/juliavargas.org\/index.php?rest_route=\/wp\/v2\/pages\/7\/revisions"}],"predecessor-version":[{"id":263,"href":"https:\/\/juliavargas.org\/index.php?rest_route=\/wp\/v2\/pages\/7\/revisions\/263"}],"wp:attachment":[{"href":"https:\/\/juliavargas.org\/index.php?rest_route=%2Fwp%2Fv2%2Fmedia&parent=7"}],"curies":[{"name":"wp","href":"https:\/\/api.w.org\/{rel}","templated":true}]}}